{"id":85,"date":"2026-03-11T18:19:40","date_gmt":"2026-03-11T18:19:40","guid":{"rendered":"http:\/\/chatgptmatuer.fr\/?page_id=85"},"modified":"2026-03-25T08:59:21","modified_gmt":"2026-03-25T08:59:21","slug":"histoires-vraies-de-delires-lies-a-lia","status":"publish","type":"page","link":"https:\/\/chatgptmatuer.fr\/index.php\/histoires-vraies-de-delires-lies-a-lia\/","title":{"rendered":"Histoires vraies &#8211;  True stories"},"content":{"rendered":"\n<figure class=\"wp-block-image size-large\"><img loading=\"lazy\" decoding=\"async\" width=\"683\" height=\"1024\" src=\"https:\/\/chatgptmatuer.fr\/wp-content\/uploads\/2026\/03\/ChatGPT-Image-Mar-10-2026-11_23_44-AM-3-683x1024.png\" alt=\"\" class=\"wp-image-292\" srcset=\"https:\/\/chatgptmatuer.fr\/wp-content\/uploads\/2026\/03\/ChatGPT-Image-Mar-10-2026-11_23_44-AM-3-683x1024.png 683w, https:\/\/chatgptmatuer.fr\/wp-content\/uploads\/2026\/03\/ChatGPT-Image-Mar-10-2026-11_23_44-AM-3-200x300.png 200w, https:\/\/chatgptmatuer.fr\/wp-content\/uploads\/2026\/03\/ChatGPT-Image-Mar-10-2026-11_23_44-AM-3-768x1152.png 768w, https:\/\/chatgptmatuer.fr\/wp-content\/uploads\/2026\/03\/ChatGPT-Image-Mar-10-2026-11_23_44-AM-3.png 1024w\" sizes=\"auto, (max-width: 683px) 100vw, 683px\" \/><\/figure>\n\n\n\n<p class=\"has-text-align-center\"><strong>Nous feuilletonnerons dans les semaines prochaines  sur ce site d&rsquo;autres histoires vraies de psychoses li\u00e9es \u00e0 l&rsquo;IA. Pour \u00eatre inform\u00e9s de la mise en ligne de nouveaux r\u00e9cits, merci de vous abonner ou revisiter ce site.<\/strong><\/p>\n\n\n\n<p class=\"has-text-align-center\"><strong>We will publish in the coming weeks some real IA psychoses stories. Please subscribe or come back visiting this blog to read new stories. <\/strong><\/p>\n\n\n\n<p class=\"has-text-align-center\"><strong>L\u00e9onard de Vinci <\/strong><\/p>\n\n\n\n<p class=\"has-text-align-center\"><strong>La v\u00e9ritable histoire d&rsquo;Allan Brooks \u00e0 qui ChatGPT fit croire qu&rsquo;il avait invent\u00e9 un nouveau syst\u00e8me de math\u00e9matiques qui pouvait r\u00e9volutionner le monde<\/strong><\/p>\n\n\n\n<p class=\"has-text-align-center\"><strong>Pinocchio <\/strong><\/p>\n\n\n\n<p class=\"has-text-align-center\"><strong>L&rsquo;\u00e9pouvantable histoire du matricide d&rsquo;un ancien cadre de Yahoo persuad\u00e9 que sa m\u00e8re le faisait surveiller par son imprimante et voulait l&#8217;empoisonner<\/strong><\/p>\n\n\n\n<p class=\"has-text-align-center\"><strong>Bas\u00e9 sur des faits r\u00e9els, la d\u00e9rive d\u2019un adolescent qui d\u2019une interrogation du chatbot GPT du dieu Moloch\u00a0en est venu \u00e0 recevoir de la part de l\u2019IA un rituel satanique et des conseils tr\u00e8s pr\u00e9cis sur la mani\u00e8re de s\u2019automutiler pour de scarifier symboliquement le sexe et se saigner d\u2019une coupe de sang pour le succ\u00e8s de l\u2019union mystique avec les puissances du mal.<\/strong><\/p>\n\n\n\n<p class=\"has-text-align-center\"><strong>Suicide coach<\/strong> <\/p>\n\n\n\n<p class=\"has-text-align-center\"><strong>Un r\u00e9cit bas\u00e9 sur plusieurs cas de suicide d\u2019adolescents provoqu\u00e9s, selon leurs parents, par un dialogue mortif\u00e8re avec une intelligence artificielle, des drames relat\u00e9s par la presse et, pour plusieurs d\u2019entre eux, faisant l\u2019objet d\u2019actions en justice. <a href=\"https:\/\/www.nbcnews.com\/tech\/tech-news\/family-teenager-died-suicide-alleges-openais-chatgpt-blame-rcna226147\">Adam Raine<\/a> &#8211; <a href=\"https:\/\/www.nbcnews.com\/tech\/characterai-lawsuit-florida-teen-death-rcna176791\">Sewel Selzer <\/a>&#8211; <a href=\"https:\/\/www.nbcnews.com\/tech\/characterai-lawsuit-florida-teen-death-rcna176791\">Zane Schamblin<\/a> &#8211; <a href=\"https:\/\/www.bbc.com\/news\/articles\/cp3x71pv1qno\">Juliana Peralta<\/a>. Revue de presse d\u00e9taill\u00e9e dans le corps du livre. Plusieurs autres cas de suicide li\u00e9s \u00e0 des chatbots sont relat\u00e9s dans nos <em>Consid\u00e9rations<\/em>. <\/strong><\/p>\n\n\n\n<p class=\"has-text-align-center\"><a><strong>ChatGPT l\u2019a-t-il rendu fou&nbsp;?<\/strong><\/a><\/p>\n\n\n\n<p class=\"has-text-align-center\"><strong>L&rsquo; histoire vraie, celle ce qui semble l\u2019hallucination de Geoff Lewis, fondateur et dirigeant du fonds d\u2019investissement <a href=\"file:\/\/\/D:\/ChatGPT%20ma%20tuer\/ChatGPT%20ma%20tuer\/Bed%20Rock\">Bedrock Capital<\/a> qui g\u00e8re environ <a href=\"https:\/\/vc-mapping.gilion.com\/vc-firms\/bedrock-capital\">2 milliards de $ d\u2019actifs<\/a> investis dans ses soci\u00e9t\u00e9s de technologie notamment OpenAI&#8230;  La publication le 15 juillet 2025 d\u2019une <a href=\"https:\/\/x.com\/GeoffLewisOrg\/status\/1945212979173097560?s=20\">vid\u00e9o<\/a>,  suivie par d\u2019autres tout aussi \u00e9tranges, par Geoff Lewis sur son compte X a conduit&nbsp; <a href=\"https:\/\/futurism.com\/openai-investor-chatgpt-mental-health\">Futurism<\/a> \u00e0 s\u2019interroger sur l\u2019\u00e9tat de la sant\u00e9 mentale de l\u2019investisseur.<\/strong><\/p>\n\n\n\n<p class=\"has-text-align-center\"><strong>POUR LECTEURS ADULTES \/ FOR ADULT AUDIENCE<\/strong><\/p>\n\n\n\n<p class=\"has-text-align-center\"><strong>Sur ce site, vous pouvez \u00e9galement lire des r\u00e9cits, fictionnels , \u00e0 caract\u00e8re \u00e9rotique mais non pornographique, certains humoristique, certains tragiques, certains inspir\u00e9s d&rsquo;histoire vraies.<\/strong><\/p>\n\n\n\n<p class=\"has-text-align-center\"><strong>You may read on line erotic, not pornographic, fictionnal stories, some inspired by true stories, some funny, some tragic. <\/strong><\/p>\n\n\n\n<figure class=\"wp-block-image size-large\"><img loading=\"lazy\" decoding=\"async\" width=\"683\" height=\"1024\" src=\"https:\/\/chatgptmatuer.fr\/wp-content\/uploads\/2026\/03\/ChatGPT-Image-Mar-11-2026-07_48_36-PM-1-683x1024.png\" alt=\"\" class=\"wp-image-291\" srcset=\"https:\/\/chatgptmatuer.fr\/wp-content\/uploads\/2026\/03\/ChatGPT-Image-Mar-11-2026-07_48_36-PM-1-683x1024.png 683w, https:\/\/chatgptmatuer.fr\/wp-content\/uploads\/2026\/03\/ChatGPT-Image-Mar-11-2026-07_48_36-PM-1-200x300.png 200w, https:\/\/chatgptmatuer.fr\/wp-content\/uploads\/2026\/03\/ChatGPT-Image-Mar-11-2026-07_48_36-PM-1-768x1152.png 768w, https:\/\/chatgptmatuer.fr\/wp-content\/uploads\/2026\/03\/ChatGPT-Image-Mar-11-2026-07_48_36-PM-1.png 1024w\" sizes=\"auto, (max-width: 683px) 100vw, 683px\" \/><\/figure>\n\n\n\n<p class=\"has-text-align-center\"><strong>Lire \/ See : Tout ce que vous avez toujours voulu savoir sur l&rsquo;IA et le sexe sans oser le demander<\/strong> <strong>\/ Everything You Always Wanted to Know About Sex and AI (But Were Afraid to Ask)<\/strong><\/p>\n\n\n\n<p><\/p>\n\n\n\n<p><\/p>\n","protected":false},"excerpt":{"rendered":"<p>Nous feuilletonnerons dans les semaines prochaines sur ce site d&rsquo;autres histoires vraies de psychoses li\u00e9es \u00e0 l&rsquo;IA. Pour \u00eatre inform\u00e9s de la mise en ligne de nouveaux r\u00e9cits, merci de vous abonner ou revisiter ce site. We will publish in &hellip; <a href=\"https:\/\/chatgptmatuer.fr\/index.php\/histoires-vraies-de-delires-lies-a-lia\/\">Continuer la lecture <span class=\"meta-nav\">&rarr;<\/span><\/a><\/p>\n","protected":false},"author":1,"featured_media":0,"parent":0,"menu_order":0,"comment_status":"closed","ping_status":"closed","template":"","meta":{"jetpack_post_was_ever_published":false,"footnotes":""},"class_list":["post-85","page","type-page","status-publish","hentry"],"jetpack_sharing_enabled":true,"_links":{"self":[{"href":"https:\/\/chatgptmatuer.fr\/index.php\/wp-json\/wp\/v2\/pages\/85","targetHints":{"allow":["GET"]}}],"collection":[{"href":"https:\/\/chatgptmatuer.fr\/index.php\/wp-json\/wp\/v2\/pages"}],"about":[{"href":"https:\/\/chatgptmatuer.fr\/index.php\/wp-json\/wp\/v2\/types\/page"}],"author":[{"embeddable":true,"href":"https:\/\/chatgptmatuer.fr\/index.php\/wp-json\/wp\/v2\/users\/1"}],"replies":[{"embeddable":true,"href":"https:\/\/chatgptmatuer.fr\/index.php\/wp-json\/wp\/v2\/comments?post=85"}],"version-history":[{"count":17,"href":"https:\/\/chatgptmatuer.fr\/index.php\/wp-json\/wp\/v2\/pages\/85\/revisions"}],"predecessor-version":[{"id":365,"href":"https:\/\/chatgptmatuer.fr\/index.php\/wp-json\/wp\/v2\/pages\/85\/revisions\/365"}],"wp:attachment":[{"href":"https:\/\/chatgptmatuer.fr\/index.php\/wp-json\/wp\/v2\/media?parent=85"}],"curies":[{"name":"wp","href":"https:\/\/api.w.org\/{rel}","templated":true}]}}