{"id":79,"date":"2026-03-11T18:15:05","date_gmt":"2026-03-11T18:15:05","guid":{"rendered":"http:\/\/chatgptmatuer.fr\/?page_id=79"},"modified":"2026-03-28T06:08:36","modified_gmt":"2026-03-28T06:08:36","slug":"bibliographie-de-louvrage","status":"publish","type":"page","link":"https:\/\/chatgptmatuer.fr\/index.php\/bibliographie-de-louvrage\/","title":{"rendered":"Bibliographie de l&rsquo;ouvrage"},"content":{"rendered":"\n<p>La litt\u00e9rature est immense. Cette bibliographie ne r\u00e9f\u00e9rence que les \u00e9tudes acad\u00e9miques cit\u00e9es dans notre ouvrage et quelques sites et revues de r\u00e9f\u00e9rence auxquels il faut ajouter celles des \u00e9diteurs indiqu\u00e9es dans leurs monographies.<\/p>\n\n\n\n<h2 class=\"wp-block-heading\"><a><\/a><a>Ouvrages<\/a><\/h2>\n\n\n\n<figure class=\"wp-block-image size-large\"><img loading=\"lazy\" decoding=\"async\" width=\"683\" height=\"1024\" src=\"http:\/\/chatgptmatuer.fr\/wp-content\/uploads\/2026\/03\/Clifford-Nass-683x1024.jpg\" alt=\"\" class=\"wp-image-139\" srcset=\"https:\/\/chatgptmatuer.fr\/wp-content\/uploads\/2026\/03\/Clifford-Nass-683x1024.jpg 683w, https:\/\/chatgptmatuer.fr\/wp-content\/uploads\/2026\/03\/Clifford-Nass-200x300.jpg 200w, https:\/\/chatgptmatuer.fr\/wp-content\/uploads\/2026\/03\/Clifford-Nass-768x1152.jpg 768w, https:\/\/chatgptmatuer.fr\/wp-content\/uploads\/2026\/03\/Clifford-Nass.jpg 1000w\" sizes=\"auto, (max-width: 683px) 100vw, 683px\" \/><figcaption class=\"wp-element-caption\"><a href=\"https:\/\/www.amazon.fr\/Man-Who-Lied-His-Laptop-ebook\/dp\/B003YUC7BI\">Clifford Nass &#8211; The Man Who Lied to His Laptop<\/a>   <\/figcaption><\/figure>\n\n\n\n<p>Clifford Nass&nbsp;et Corina Yen<em>, The Man Who Lied to His Laptop: What We Can Learn About Ourselves from Our Machines, 2010<\/em><\/p>\n\n\n\n<p><strong>\u00ab&nbsp;La flatterie fonctionne, m\u00eame quand le destinataire sait qu&rsquo;elle est fausse.&nbsp;\u00bb<\/strong><\/p>\n\n\n\n<p><\/p>\n\n\n\n<p>Clifford Nass est d\u00e9c\u00e9d\u00e9 en 2013 cf. son \u00e9loge fun\u00e8bre par le <a href=\"https:\/\/www.nytimes.com\/2013\/11\/07\/business\/clifford-nass-researcher-on-multitasking-dies-at-55.html\">NYT<\/a>.<\/p>\n\n\n\n<h2 class=\"wp-block-heading\"><a><\/a><a>Articles acad\u00e9miques<\/a><\/h2>\n\n\n\n<p><strong>1956<\/strong><\/p>\n\n\n\n<p>Horton, D., &amp; Richard Wohl, R. (1956). Mass Communication and Para-Social Interaction: Observations on Intimacy at a Distance.&nbsp;<em>Psychiatry<\/em>,&nbsp;<em>19<\/em>(3), 215\u2013229. <a href=\"https:\/\/doi.org\/10.1080\/00332747.1956.11023049\">https:\/\/doi.org\/10.1080\/00332747.1956.11023049<\/a><\/p>\n\n\n\n<p><strong>2022<\/strong><\/p>\n\n\n\n<p><a href=\"https:\/\/www.sciencedirect.com\/journal\/international-journal-of-human-computer-studies\">International Journal of Human-Computer Studies<\/a> <a href=\"https:\/\/www.sciencedirect.com\/journal\/international-journal-of-human-computer-studies\/vol\/168\/suppl\/C\">Volume 168<\/a>,&nbsp;December 2022, 102903&nbsp; <a href=\"https:\/\/www.sciencedirect.com\/science\/article\/pii\/S1071581922001252\">A longitudinal study of human\u2013chatbot relationships<\/a><\/p>\n\n\n\n<p><strong>2023<\/strong><\/p>\n\n\n\n<p>Pan, S., Cui, J., &amp; Mou, Y. (2024). <a href=\"https:\/\/www.tandfonline.com\/doi\/abs\/10.1080\/10447318.2023.2256554\">Desirable or Distasteful? Exploring Uncertainty in Human-Chatbot Relationships.&nbsp;<em>International Journal of Human\u2013Computer Interaction<\/em><\/a>,&nbsp;<em>40<\/em>(20), 6545\u20136555. https:\/\/doi.org\/10.1080\/10447318.2023.2256554<\/p>\n\n\n\n<p><strong>2024<\/strong><\/p>\n\n\n\n<p>Princeton University. Guingrich RE and Graziano MSA (2024) Ascribing consciousness to artificial intelligence: human-AI interaction and its carry-over effects on human-human interaction. Front. <a href=\"https:\/\/www.frontiersin.org\/journals\/psychology\/articles\/10.3389\/fpsyg.2024.1322781\/full\">Psychol. 15:1322781. doi: 10.3389\/fpsyg.2024.1322781<\/a><\/p>\n\n\n\n<p>Google Deepmind. <a href=\"https:\/\/arxiv.org\/pdf\/2404.16244\">The Ethics of Advanced AI Assistants.<\/a> 28\/04\/2024<\/p>\n\n\n\n<p>Maples, B., Cerit, M., Vishwanath, A.&nbsp;<em>et al.<\/em>&nbsp;Loneliness and suicide mitigation for students using GPT3-enabled chatbots.&nbsp;<a href=\"https:\/\/www.nature.com\/articles\/s44184-023-00047-6#citeas\"><em>npj Mental Health Res<\/em>&nbsp;<strong>3<\/strong>, 4 (2024).<\/a> <a href=\"https:\/\/doi.org\/10.1038\/s44184-023-00047-6\">https:\/\/doi.org\/10.1038\/s44184-023-00047-6<\/a><\/p>\n\n\n\n<p>Cornell University, <a href=\"https:\/\/arxiv.org\/abs\/2412.04984\">Frontier Models are Capable of In-context Scheming<\/a> 2024 pub. 01\/2025<\/p>\n\n\n\n<p><strong>2025<\/strong><\/p>\n\n\n\n<p>MIT <a href=\"https:\/\/www.media.mit.edu\/groups\/aha\/overview\/\">AHA: Advancing Humans with AI<\/a>&nbsp;&nbsp; HOW AI AND HUMAN BEHAVIORS SHAPE PSYCHOSOCIAL EFFECTS OF CHATBOT USE: A LONGITUDINAL RANDOMIZED CONTROLLED STUDY <a><\/a><a href=\"https:\/\/www.media.mit.edu\/publications\/how-ai-and-human-behaviors-shape-psychosocial-effects-of-chatbot-use-a-longitudinal-controlled-study\/\">March 21, 2025<\/a><\/p>\n\n\n\n<p><a>Common sense <\/a><a href=\"https:\/\/www.commonsensemedia.org\/sites\/default\/files\/research\/report\/talk-trust-and-trade-offs_2025_web.pdf\">Talk, Trust, and Trade-Offs: How and Why Teens Use AI Companions<\/a> 2025<\/p>\n\n\n\n<p>Psychiatryonline.org <a href=\"https:\/\/psychiatryonline.org\/doi\/10.1176\/appi.ps.20250086\">Evaluation of Alignment Between Large Language Models and Expert Clinicians in Suicide Risk Assessment.<\/a> 2025<\/p>\n\n\n\n<p>Standford University, <a href=\"https:\/\/hai.stanford.edu\/news\/exploring-the-dangers-of-ai-in-mental-health-care\">Exploring the Dangers of AI in Mental Health Care<\/a>, 2025<\/p>\n\n\n\n<p>Cornell University <a href=\"https:\/\/arxiv.org\/abs\/2504.18412\">Expressing stigma and inappropriate responses prevents LLMs from safely replacing mental health providers<\/a><\/p>\n\n\n\n<p>Kings College. <a href=\"https:\/\/osf.io\/preprints\/psyarxiv\/discover\">Delusions By Design&nbsp;? How Everyday Ais Might Be Fuelling Psychosis (And What Can Be Done About It)<\/a> 22\/08\/2025<\/p>\n\n\n\n<p><a href=\"https:\/\/arxiv.org\/pdf\/2505.13995\">CHENG et al., Social Sycophancy : A Broader Understanding of LLM Sycophancy, arXiv :2505.13995vl [cs.CL] 20 mai 2025<\/a> 29\/09\/2025<\/p>\n\n\n\n<p>PEOPLES N., BLUMENTHAL-BARBY J., <a href=\"https:\/\/ai.nejm.org\/doi\/10.1056\/AIp2500983\">Dual Public Health and Regulatory Dilemmas of \u201cRelational\u201d Artificial Intelligence<\/a> 18\/12\/2015<\/p>\n\n\n\n<p>Palisade Research. <a href=\"https:\/\/arxiv.org\/pdf\/2502.13295\">Demonstrating specification gaming in reasoning models<\/a><\/p>\n\n\n\n<p>Palisade Research&nbsp; <a href=\"https:\/\/palisaderesearch.org\/blog\/specification-gaming\">Demonstrating specification gaming in reasoning models<\/a><\/p>\n\n\n\n<p><strong>2026<\/strong><\/p>\n\n\n\n<p><strong>Toronto University et Anthropic <\/strong>. <a href=\"https:\/\/arxiv.org\/pdf\/2601.19062\">Who\u2019s in Charge? Disempowerment Patterns in Real-World LLM Usage<\/a> Janvier 2026<\/p>\n\n\n\n<p><a href=\"https:\/\/techoversight.org\/2026\/01\/25\/top-report-mdl-jan-25\/\">TECH OVERSIGHT REPORT: UNSEALED COURT DOCUMENTS SHOW TEEN ADDICTION WAS BIG TECH\u2019S \u201cTOP PRIORITY\u201d<\/a> Jan 25,2026<\/p>\n\n\n\n<p><strong>Aarhus University<\/strong>. Potentially Harmful Consequences of Artificial Intelligence (AI) Chatbot Use Among Patients With Mental Illness: Early Data From a Large Psychiatric Service System. <a href=\"https:\/\/onlinelibrary.wiley.com\/doi\/10.1111\/acps.70068\">Acta Psychiatrica Scandinavica<\/a> 06 February 2026 <a href=\"https:\/\/doi.org\/10.1111\/acps.70068\">https:\/\/doi.org\/10.1111\/acps.70068<\/a><\/p>\n\n\n\n<p><strong>Stanford University Research<\/strong>. <strong><em>Characterizing Delusional Spirals through Human-LLM Chat Logs<\/em><\/strong> Authors : Moore, Jared and Mehta, Ashish and Agnew, William and Anthis, Jacy Reese and Louie, Ryan and Mai, Yifan and Yin, Peggy and Cheng, Myra and Paech, Samuel J. and Klyman, Kevin and Chancellor, Stevie and Lin, Eric and Haber, Nick and Ong, Desmond. 2026, <a href=\"https:\/\/arxiv.org\/abs\/2603.16567\">https:\/\/arxiv.org\/abs\/2603.16567<\/a> To appear in ACM FAccT 2026. <a href=\"https:\/\/spirals.stanford.edu\/research\/characterizing\/\">https:\/\/spirals.stanford.edu\/research\/characterizing\/<\/a><\/p>\n\n\n\n<p><a href=\"https:\/\/internationalaisafetyreport.org\/publication\/international-ai-safety-report-2026\">International AI Safety Report 2026<\/a><\/p>\n\n\n\n<h2 class=\"wp-block-heading\"><a><\/a><a>Revues et site<\/a><\/h2>\n\n\n\n<p>EN <a href=\"https:\/\/futurism.com\/artificial-intelligence\/new-study-anthropic-psychosis-disempowerement\">Futurism<\/a>&nbsp; <a href=\"https:\/\/www.ibm.com\/fr-fr\/think\/artificial-intelligence\">IBM<\/a> <a href=\"https:\/\/www.technologyreview.com\/\">MIT<\/a> <a href=\"https:\/\/www.theverge.com\/\">The Verge<\/a> <a href=\"https:\/\/www.wired.com\/\">Wired<\/a><\/p>\n\n\n\n<p>FR <a href=\"https:\/\/www.lesnumeriques.com\/intelligence-artificielle\/on-ne-sait-pas-si-les-modeles-sont-conscients-le-createur-de-claude-l-admet-son-ia-lui-echappe-n251552.html\">Les Num\u00e9riques<\/a> <a href=\"https:\/\/www.numerama.com\/tech\/2032795-elon-musk-lance-une-ia-en-forme-de-belle-blonde-qui-drague-ses-utilisateurs.html\">Numerama<\/a><\/p>\n\n\n\n<p><a href=\"https:\/\/incidentdatabase.ai\/fr\/\">AID AI Incident Data Base<\/a> \/ Base de donn\u00e9es des incidents d&rsquo;IA  <\/p>\n\n\n\n<p><\/p>\n","protected":false},"excerpt":{"rendered":"<p>La litt\u00e9rature est immense. Cette bibliographie ne r\u00e9f\u00e9rence que les \u00e9tudes acad\u00e9miques cit\u00e9es dans notre ouvrage et quelques sites et revues de r\u00e9f\u00e9rence auxquels il faut ajouter celles des \u00e9diteurs indiqu\u00e9es dans leurs monographies. Ouvrages Clifford Nass&nbsp;et Corina Yen, The &hellip; <a href=\"https:\/\/chatgptmatuer.fr\/index.php\/bibliographie-de-louvrage\/\">Continuer la lecture <span class=\"meta-nav\">&rarr;<\/span><\/a><\/p>\n","protected":false},"author":1,"featured_media":0,"parent":0,"menu_order":0,"comment_status":"closed","ping_status":"closed","template":"","meta":{"jetpack_post_was_ever_published":false,"footnotes":""},"class_list":["post-79","page","type-page","status-publish","hentry"],"jetpack_sharing_enabled":true,"_links":{"self":[{"href":"https:\/\/chatgptmatuer.fr\/index.php\/wp-json\/wp\/v2\/pages\/79","targetHints":{"allow":["GET"]}}],"collection":[{"href":"https:\/\/chatgptmatuer.fr\/index.php\/wp-json\/wp\/v2\/pages"}],"about":[{"href":"https:\/\/chatgptmatuer.fr\/index.php\/wp-json\/wp\/v2\/types\/page"}],"author":[{"embeddable":true,"href":"https:\/\/chatgptmatuer.fr\/index.php\/wp-json\/wp\/v2\/users\/1"}],"replies":[{"embeddable":true,"href":"https:\/\/chatgptmatuer.fr\/index.php\/wp-json\/wp\/v2\/comments?post=79"}],"version-history":[{"count":4,"href":"https:\/\/chatgptmatuer.fr\/index.php\/wp-json\/wp\/v2\/pages\/79\/revisions"}],"predecessor-version":[{"id":419,"href":"https:\/\/chatgptmatuer.fr\/index.php\/wp-json\/wp\/v2\/pages\/79\/revisions\/419"}],"wp:attachment":[{"href":"https:\/\/chatgptmatuer.fr\/index.php\/wp-json\/wp\/v2\/media?parent=79"}],"curies":[{"name":"wp","href":"https:\/\/api.w.org\/{rel}","templated":true}]}}