{"id":77,"date":"2026-03-11T18:14:21","date_gmt":"2026-03-11T18:14:21","guid":{"rendered":"http:\/\/chatgptmatuer.fr\/?page_id=77"},"modified":"2026-03-14T08:18:01","modified_gmt":"2026-03-14T08:18:01","slug":"sommaire-de-louvrage","status":"publish","type":"page","link":"https:\/\/chatgptmatuer.fr\/index.php\/sommaire-de-louvrage\/","title":{"rendered":"Sommaire \/ Summary"},"content":{"rendered":"\n<p><strong>Pagination de l&rsquo;ouvrage<\/strong><\/p>\n\n\n\n<p><a href=\"#_Toc224149931\">Propos liminaire. 5<\/a>  Introduction<\/p>\n\n\n\n<p><a href=\"#_Toc224149932\">Leonard de Vinci 10<\/a> Leonardo da Vinci<\/p>\n\n\n\n<p><a href=\"#_Toc224149933\">Pinocchio. 47<\/a> Pinocchio<\/p>\n\n\n\n<p><a href=\"#_Toc224149934\">Pentagramme invers\u00e9 de Lucifer 85<\/a> Lucifer inversed Pentagram<\/p>\n\n\n\n<p><a href=\"#_Toc224149935\">Suicide Coach. 121<\/a> Suicide Coach<\/p>\n\n\n\n<p><a href=\"#_Toc224149936\">Tout ce que vous avez toujours voulu savoir sur l\u2019IA et le sexe sans jamais oser le demander 150<\/a>  Everything You Always Wanted to Know About Sex and AI (But Were Afraid to Ask)<\/p>\n\n\n\n<p>Sommaire d\u00e9taill\u00e9 sur la page sp\u00e9cifique &#8211; Detailed summary on dedicated page<\/p>\n\n\n\n<p><a href=\"#_Toc224149938\">ChatGPT l\u2019a-t-il rendu fou&nbsp;?. 201<\/a> Did ChatGPT drove him mad? <\/p>\n\n\n\n<p><a href=\"#_Toc224149939\">Consid\u00e9rations sur les dangers d\u2019une IA addictive et l\u2019exigence de sa r\u00e9gulation&nbsp; 221<\/a> Considerations on the dangers of addictive AI and the need for its regulation<\/p>\n\n\n\n<p><a href=\"#_Toc224149940\">L\u2019exigence d\u2019un renforcement de la r\u00e9gulation des chatbots&nbsp; 290<\/a> The need for stronger regulation of chatbots<\/p>\n\n\n\n<p><a href=\"#_Toc224149941\">Monographies des \u00e9diteurs d\u2019IA. 313<\/a> AI Firms Monographs<\/p>\n\n\n\n<p><a href=\"#_Toc224149942\">Glossaires. 370<\/a> Glossaries<\/p>\n\n\n\n<p><a href=\"#_Toc224149943\">Bibliographie. 373<\/a> Bibliography<\/p>\n\n\n\n<p><a href=\"#_Toc224149944\">Index des noms. 376<\/a> Index of names.<\/p>\n\n\n\n<p><a href=\"#_Toc224149945\">Sommaire. 381<\/a> Summary<\/p>\n","protected":false},"excerpt":{"rendered":"<p>Pagination de l&rsquo;ouvrage Propos liminaire. 5 Introduction Leonard de Vinci 10 Leonardo da Vinci Pinocchio. 47 Pinocchio Pentagramme invers\u00e9 de Lucifer 85 Lucifer inversed Pentagram Suicide Coach. 121 Suicide Coach Tout ce que vous avez toujours voulu savoir sur l\u2019IA &hellip; <a href=\"https:\/\/chatgptmatuer.fr\/index.php\/sommaire-de-louvrage\/\">Continuer la lecture <span class=\"meta-nav\">&rarr;<\/span><\/a><\/p>\n","protected":false},"author":1,"featured_media":0,"parent":0,"menu_order":0,"comment_status":"closed","ping_status":"closed","template":"","meta":{"jetpack_post_was_ever_published":false,"footnotes":""},"class_list":["post-77","page","type-page","status-publish","hentry"],"jetpack_sharing_enabled":true,"_links":{"self":[{"href":"https:\/\/chatgptmatuer.fr\/index.php\/wp-json\/wp\/v2\/pages\/77","targetHints":{"allow":["GET"]}}],"collection":[{"href":"https:\/\/chatgptmatuer.fr\/index.php\/wp-json\/wp\/v2\/pages"}],"about":[{"href":"https:\/\/chatgptmatuer.fr\/index.php\/wp-json\/wp\/v2\/types\/page"}],"author":[{"embeddable":true,"href":"https:\/\/chatgptmatuer.fr\/index.php\/wp-json\/wp\/v2\/users\/1"}],"replies":[{"embeddable":true,"href":"https:\/\/chatgptmatuer.fr\/index.php\/wp-json\/wp\/v2\/comments?post=77"}],"version-history":[{"count":6,"href":"https:\/\/chatgptmatuer.fr\/index.php\/wp-json\/wp\/v2\/pages\/77\/revisions"}],"predecessor-version":[{"id":208,"href":"https:\/\/chatgptmatuer.fr\/index.php\/wp-json\/wp\/v2\/pages\/77\/revisions\/208"}],"wp:attachment":[{"href":"https:\/\/chatgptmatuer.fr\/index.php\/wp-json\/wp\/v2\/media?parent=77"}],"curies":[{"name":"wp","href":"https:\/\/api.w.org\/{rel}","templated":true}]}}