{"id":436,"date":"2026-03-28T11:56:15","date_gmt":"2026-03-28T11:56:15","guid":{"rendered":"https:\/\/chatgptmatuer.fr\/?page_id=436"},"modified":"2026-03-28T11:59:12","modified_gmt":"2026-03-28T11:59:12","slug":"leonard-de-vinci","status":"publish","type":"page","link":"https:\/\/chatgptmatuer.fr\/index.php\/leonard-de-vinci\/","title":{"rendered":"L\u00e9onard de Vinci"},"content":{"rendered":"\n<figure class=\"wp-block-image size-large\"><img loading=\"lazy\" decoding=\"async\" width=\"1024\" height=\"686\" src=\"https:\/\/chatgptmatuer.fr\/wp-content\/uploads\/2026\/03\/Leonard-de-Vinci-1024x686.jpg\" alt=\"\" class=\"wp-image-439\" srcset=\"https:\/\/chatgptmatuer.fr\/wp-content\/uploads\/2026\/03\/Leonard-de-Vinci-1024x686.jpg 1024w, https:\/\/chatgptmatuer.fr\/wp-content\/uploads\/2026\/03\/Leonard-de-Vinci-300x201.jpg 300w, https:\/\/chatgptmatuer.fr\/wp-content\/uploads\/2026\/03\/Leonard-de-Vinci-768x514.jpg 768w, https:\/\/chatgptmatuer.fr\/wp-content\/uploads\/2026\/03\/Leonard-de-Vinci.jpg 1260w\" sizes=\"auto, (max-width: 1024px) 100vw, 1024px\" \/><\/figure>\n\n\n\n<p>Un article de&nbsp;<a href=\"https:\/\/www.nytimes.com\/by\/kashmir-hill\">Kashmir Hill<\/a>&nbsp;et de <a href=\"https:\/\/www.nytimes.com\/by\/dylan-freedman\">Dylan Freedman<\/a> publi\u00e9 par le <a href=\"https:\/\/www.nytimes.com\/2025\/08\/08\/technology\/ai-chatbots-delusions-chatgpt.html\">New York Times le&nbsp; 8 ao\u00fbt 2025<\/a> repris par <a href=\"https:\/\/futurism.com\/chatgpt-chabot-severe-delusions\">Futurism<\/a> relate la d\u00e9lusion de <a href=\"https:\/\/static01.nyt.com\/images\/2025\/08\/08\/multimedia\/08Biz-AI-DelusionAnalysis-fbvj\/08Biz-AI-DelusionAnalysis-fbvj-superJumbo.jpg?quality=75&amp;auto=webp\">Allan Brooks<\/a> qui leur a racont\u00e9 comment il a failli tomber d\u00e9finitivement dans le trou du lapin, convaincu par ChatGPT qu\u2019il avait d\u00e9couvert un syst\u00e8me math\u00e9matiques r\u00e9volutionnaires de nombres flous qui mena\u00e7ait le monde. <\/p>\n\n\n\n<p>La spirale s\u2019est nou\u00e9e \u00e0 partir d\u2019une interrogation banale d\u2019Allan Brooks pour r\u00e9pondre \u00e0 une question de son fils coll\u00e9gien sur le nombre Pi. Les articles cit\u00e9s reprennent de larges extraits des \u00e9changes de la victime avec ChatGPT qui a confort\u00e9 de mani\u00e8re absurde et dangereuse l\u2019int\u00e9ress\u00e9 dans l&rsquo;illusion de son g\u00e9nie d\u2019inventeur, le comparant \u00e0 Einstein&nbsp;! <\/p>\n\n\n\n<p>Le divorce douloureux r\u00e9cent d\u2019Allan a \u00e9t\u00e9 peut-\u00eatre un facteur contribuant \u00e0 la d\u00e9raison d\u2019Allan qui, apr\u00e8s avoir alert\u00e9 en vain le FBI de crainte que son invention puisse porter atteinte \u00e0 la s\u00e9curit\u00e9 nationale, a eu le r\u00e9flexe heureux de soumettre le business plan g\u00e9n\u00e9r\u00e9 par ChatGPT qui lui laissait esp\u00e9rer la fortune, \u00e0 Claude d\u2019Anthropic qui la compl\u00e9tement d\u00e9sillusionn\u00e9 et fait revenir sur terre. <\/p>\n\n\n\n<p><a href=\"https:\/\/stevenadler.substack.com\/p\/practical-tips-for-reducing-chatbot\">Stephen Adler<\/a>, ancien chercheur d\u2019OpenAI, inform\u00e9 de ce cas, a alert\u00e9, en vain, en octobre 2025 l\u2019\u00e9diteur sur cette d\u00e9lusion et sur les mensonges du chatbot.<\/p>\n","protected":false},"excerpt":{"rendered":"<p>Un article de&nbsp;Kashmir Hill&nbsp;et de Dylan Freedman publi\u00e9 par le New York Times le&nbsp; 8 ao\u00fbt 2025 repris par Futurism relate la d\u00e9lusion de Allan Brooks qui leur a racont\u00e9 comment il a failli tomber d\u00e9finitivement dans le trou du &hellip; <a href=\"https:\/\/chatgptmatuer.fr\/index.php\/leonard-de-vinci\/\">Continuer la lecture <span class=\"meta-nav\">&rarr;<\/span><\/a><\/p>\n","protected":false},"author":1,"featured_media":0,"parent":0,"menu_order":0,"comment_status":"closed","ping_status":"closed","template":"","meta":{"jetpack_post_was_ever_published":false,"footnotes":""},"class_list":["post-436","page","type-page","status-publish","hentry"],"jetpack_sharing_enabled":true,"_links":{"self":[{"href":"https:\/\/chatgptmatuer.fr\/index.php\/wp-json\/wp\/v2\/pages\/436","targetHints":{"allow":["GET"]}}],"collection":[{"href":"https:\/\/chatgptmatuer.fr\/index.php\/wp-json\/wp\/v2\/pages"}],"about":[{"href":"https:\/\/chatgptmatuer.fr\/index.php\/wp-json\/wp\/v2\/types\/page"}],"author":[{"embeddable":true,"href":"https:\/\/chatgptmatuer.fr\/index.php\/wp-json\/wp\/v2\/users\/1"}],"replies":[{"embeddable":true,"href":"https:\/\/chatgptmatuer.fr\/index.php\/wp-json\/wp\/v2\/comments?post=436"}],"version-history":[{"count":2,"href":"https:\/\/chatgptmatuer.fr\/index.php\/wp-json\/wp\/v2\/pages\/436\/revisions"}],"predecessor-version":[{"id":440,"href":"https:\/\/chatgptmatuer.fr\/index.php\/wp-json\/wp\/v2\/pages\/436\/revisions\/440"}],"wp:attachment":[{"href":"https:\/\/chatgptmatuer.fr\/index.php\/wp-json\/wp\/v2\/media?parent=436"}],"curies":[{"name":"wp","href":"https:\/\/api.w.org\/{rel}","templated":true}]}}