{"id":366,"date":"2026-03-26T04:37:34","date_gmt":"2026-03-26T04:37:34","guid":{"rendered":"https:\/\/chatgptmatuer.fr\/?page_id=366"},"modified":"2026-03-26T04:37:34","modified_gmt":"2026-03-26T04:37:34","slug":"mentions-legales","status":"publish","type":"page","link":"https:\/\/chatgptmatuer.fr\/index.php\/mentions-legales\/","title":{"rendered":"Mentions l\u00e9gales"},"content":{"rendered":"\n<p>Le site chatgptmatuer, d\u00e9velopp\u00e9 et maintenu par Christophe Stener  dont les coordonn\u00e9es figurent sur sa page personnelle, est h\u00e9berg\u00e9 par OVH. <\/p>\n\n\n\n<p>Contact info@chatgptmatuer.fr<\/p>\n\n\n\n<p><\/p>\n","protected":false},"excerpt":{"rendered":"<p>Le site chatgptmatuer, d\u00e9velopp\u00e9 et maintenu par Christophe Stener dont les coordonn\u00e9es figurent sur sa page personnelle, est h\u00e9berg\u00e9 par OVH. Contact info@chatgptmatuer.fr<\/p>\n","protected":false},"author":1,"featured_media":0,"parent":0,"menu_order":0,"comment_status":"closed","ping_status":"closed","template":"","meta":{"jetpack_post_was_ever_published":false,"footnotes":""},"class_list":["post-366","page","type-page","status-publish","hentry"],"jetpack_sharing_enabled":true,"_links":{"self":[{"href":"https:\/\/chatgptmatuer.fr\/index.php\/wp-json\/wp\/v2\/pages\/366","targetHints":{"allow":["GET"]}}],"collection":[{"href":"https:\/\/chatgptmatuer.fr\/index.php\/wp-json\/wp\/v2\/pages"}],"about":[{"href":"https:\/\/chatgptmatuer.fr\/index.php\/wp-json\/wp\/v2\/types\/page"}],"author":[{"embeddable":true,"href":"https:\/\/chatgptmatuer.fr\/index.php\/wp-json\/wp\/v2\/users\/1"}],"replies":[{"embeddable":true,"href":"https:\/\/chatgptmatuer.fr\/index.php\/wp-json\/wp\/v2\/comments?post=366"}],"version-history":[{"count":1,"href":"https:\/\/chatgptmatuer.fr\/index.php\/wp-json\/wp\/v2\/pages\/366\/revisions"}],"predecessor-version":[{"id":367,"href":"https:\/\/chatgptmatuer.fr\/index.php\/wp-json\/wp\/v2\/pages\/366\/revisions\/367"}],"wp:attachment":[{"href":"https:\/\/chatgptmatuer.fr\/index.php\/wp-json\/wp\/v2\/media?parent=366"}],"curies":[{"name":"wp","href":"https:\/\/api.w.org\/{rel}","templated":true}]}}