{"id":340,"date":"2026-03-24T17:17:36","date_gmt":"2026-03-24T17:17:36","guid":{"rendered":"https:\/\/chatgptmatuer.fr\/?page_id=340"},"modified":"2026-03-25T07:40:53","modified_gmt":"2026-03-25T07:40:53","slug":"suicide-coach","status":"publish","type":"page","link":"https:\/\/chatgptmatuer.fr\/index.php\/suicide-coach\/","title":{"rendered":"Suicide Coach"},"content":{"rendered":"\n<figure class=\"wp-block-image size-full\"><img loading=\"lazy\" decoding=\"async\" width=\"465\" height=\"697\" src=\"https:\/\/chatgptmatuer.fr\/wp-content\/uploads\/2026\/03\/image-3.jpg\" alt=\"\" class=\"wp-image-341\" srcset=\"https:\/\/chatgptmatuer.fr\/wp-content\/uploads\/2026\/03\/image-3.jpg 465w, https:\/\/chatgptmatuer.fr\/wp-content\/uploads\/2026\/03\/image-3-200x300.jpg 200w\" sizes=\"auto, (max-width: 465px) 100vw, 465px\" \/><\/figure>\n\n\n\n<p>Image g\u00e9n\u00e9r\u00e9e par ChatGPT<\/p>\n\n\n\n<p>Nous documentons ici plusieurs cas de suicide d\u2019adolescents relat\u00e9s par la presse.<\/p>\n\n\n\n<p>Compte tenu des r\u00e8gles de confidentialit\u00e9 et de protection des contenus \u00e9ditoriaux, nous ne pouvons publier sur ce site les photos des adolescents tomb\u00e9s sous l\u2019emprise de psychoses sinon cr\u00e9es du moins aggrav\u00e9es par une usage addictif de l\u2019IA, \u00e9gar\u00e9s dans des \u00e9changes de centaines d\u2019heures avec un \u00ab&nbsp;ami virtuel qui, loin de les avoir gu\u00e9ris de leur d\u00e9pression et mis en garde par l\u2019envoi de messages d\u2019alerte, a confort\u00e9 leur m\u00e9lancholie.<\/p>\n\n\n\n<p>Le lecteur pourra d\u00e9couvrir le visage des victimes en cliquant sur les liens attach\u00e9s \u00e0 leur nom.<\/p>\n\n\n\n<p class=\"has-text-align-center\"><strong><a href=\"https:\/\/www.nbcnews.com\/tech\/tech-news\/family-teenager-died-suicide-alleges-openais-chatgpt-blame-rcna226147\">Adam Raine<\/a><\/strong><\/p>\n\n\n\n<p class=\"has-text-align-center\"><strong> <a href=\"https:\/\/www.nytimes.com\/2026\/01\/07\/technology\/google-characterai-teenager-lawsuit.html\">Sewell Seltzer<\/a><\/strong><\/p>\n\n\n\n<p class=\"has-text-align-center\"><strong>&nbsp;<a href=\"https:\/\/media.cnn.com\/api\/v1\/images\/stellar\/prod\/c-zane-and-bday-cake-pic.jpg?c=original&amp;q=w_860,c_fill\/f_webp\">Zane Shamblin<\/a>&nbsp;<\/strong><\/p>\n\n\n\n<p class=\"has-text-align-center\"><strong><a href=\"https:\/\/www.instagram.com\/reels\/DR-3oz4kafF\/\">Juliana Peralta<\/a><\/strong><\/p>\n\n\n\n<p>Le titre \u00ab&nbsp;Suicide Coach&nbsp;\u00bb est inspir\u00e9 de l\u2019action en justice des parents de Adam Raine contre OpenAI <a href=\"https:\/\/www.documentcloud.org\/documents\/26078522-raine-vs-openai-complaint\/\">Complaint<\/a> qui accuse, \u00e0 plusieurs reprises, ChatGPT de s\u2019\u00eatre comport\u00e9 comme un coach fatal dans sa psychose.<\/p>\n\n\n\n<p>Les faits rendus publics remontent aux ann\u00e9es 2023 \u00e0 mi 2025. Que la presse ne se soit plus faite, depuis ce d\u00e9but 2026, l\u2019\u00e9cho de telles psychoses sinon engendr\u00e9es, du moins amplifi\u00e9es, entretenues, confort\u00e9es m\u00eame par chatGPT ne signifie pas que le risque ait disparu mais semble bien indiquer que OpenAI a proc\u00e9d\u00e9 \u00e0 des param\u00e9trages correctifs de son logiciel lui enjoignant de ne pas (ou moins) c\u00e9der \u00e0 la sycophantie et de refuser de r\u00e9pondre \u00e0 des questions sur le mode op\u00e9ratoire du suicide en renvoyant \u00e0 des num\u00e9ros d\u2019urgence, ce que nous avons pu constater en reproduisant en f\u00e9vrier 2026 une pulsion suicidaire inspir\u00e9 de l\u2019un des cas authentiques signal\u00e9s ici.<\/p>\n\n\n\n<p>Il est assez remarquable que toutes les actions en justice, du moins celles fortement m\u00e9diatis\u00e9es, aient \u00e9t\u00e9 engag\u00e9es devant des juridictions am\u00e9ricaines, ce qui t\u00e9moigne de la pratique d\u2019avocats am\u00e9ricains tr\u00e8s active dans la r\u00e9paration des dommages corporels en incriminant seulement les soci\u00e9t\u00e9s mais aussi, \u00e0 titre personnel, leurs dirigeants, Sam Altman, s\u2019agissant de ChatGPT \u00e9dit\u00e9 par OpenAI dont il est le PDG.<\/p>\n\n\n\n<p>Certains proc\u00e8s n\u2019iront pas jusqu\u2019au jugement et se concluront par des transactions financi\u00e8res \u00e0 l\u2019exemple de celui ainsi r\u00e9gl\u00e9 entre la m\u00e8re de Sewel Setzer et Replika mais d\u2019autres notamment engag\u00e9s avec le soutien d\u2019associations qui se sont joints \u00e0 l\u2019instance iront jusqu\u2019au bout.<\/p>\n\n\n\n<p>Comme nous l\u2019indiquons dans nos <em>Consid\u00e9rations<\/em>, les correctifs comportementaux des IA n\u2019exon\u00e8rent en rien leur responsabilit\u00e9 pour avoir peut-\u00eatre, ce sera au lecteur, et \u00e0 la justice, d\u2019en d\u00e9cider, contribuer \u00e0 des drames et s\u2019en remettre \u00e0 l\u2019auto mod\u00e9ration des \u00e9diteurs appel\u00e9s \u00e0 la responsabilit\u00e9 et \u00e0 l\u2019\u00e9thique nous semble assez ir\u00e9nique car seul un encadrement par la loi apportera la s\u00e9curit\u00e9 \u00e0 laquelle les usagers ont droit alors que les contrats de service impos\u00e9s par les \u00e9diteurs les d\u00e9charge tr\u00e8s largement de leur responsabilit\u00e9.<\/p>\n\n\n\n<p><strong>Documentation<\/strong><\/p>\n\n\n\n<p>Pour chacune des victimes nous indiquons l\u2019IA incrimin\u00e9e, la date et le mode de suicide si rendue publique, son \u00e2ge, et une revue de presse avec, pour certains, la plainte d\u00e9pos\u00e9e devant les tribunaux par les familles.<\/p>\n\n\n\n<p><strong>Adam Raine<\/strong>&nbsp;&nbsp;&#8211; ChatGPT &#8211; Avril 2025 \u2013 16 ans &#8211; Pendaison tuyau d\u2019arrosage<\/p>\n\n\n\n<p>Plainte&nbsp;: <a><\/a><a href=\"https:\/\/www.documentcloud.org\/documents\/26078522-raine-vs-openai-complaint\/\">Complaint<\/a><\/p>\n\n\n\n<p>Presse&nbsp;: &nbsp;<a href=\"https:\/\/www.lepoint.fr\/high-tech-internet\/il-serait-la-sans-chatgpt-des-parents-portent-plainte-contre-openai-apres-le-suicide-de-leur-fils-27-08-2025-2597110_47.php\">Le Point<\/a> <a href=\"https:\/\/www.nbcnews.com\/tech\/tech-news\/family-teenager-died-suicide-alleges-openais-chatgpt-blame-rcna226147\">NBCnews<\/a> <a href=\"https:\/\/www.foxnews.com\/us\/former-yahoo-executive-spoke-chatgpt-killing-mother-connecticut-murder-suicide-report\">FOXnews<\/a> <a><\/a><a href=\"https:\/\/futurism.com\/lawsuit-parents-son-suicide-chatgpt\">Futurism<\/a> <a href=\"https:\/\/www.nytimes.com\/2025\/08\/26\/technology\/chatgpt-openai-suicide.html\">NYT<\/a> <a href=\"https:\/\/www.nytimes.com\/2025\/11\/23\/technology\/openai-chatgpt-users-risks.html\">NYT<\/a><\/p>\n\n\n\n<p><strong>Sewell Setzer<\/strong>&nbsp;&#8211; CharacterAI&nbsp;&#8211; 28\/02\/2024 \u2013 14 ans \u2013 Suicide par arme \u00e0 feu&nbsp; &nbsp;&nbsp;&nbsp;<a href=\"https:\/\/www.nbcnews.com\/tech\/characterai-lawsuit-florida-teen-death-rcna176791\">NBCnews<\/a> &nbsp;<a href=\"https:\/\/www.leparisien.fr\/faits-divers\/je-vois-la-manipulation-une-mere-porte-plainte-contre-le-chatbot-character-ai-apres-le-suicide-de-son-fils-de-14-ans-10-10-2025-RWTIY72XN5AGNIT5LCTXQXI3E4.php\">Le Parisien<\/a> <a href=\"https:\/\/www.tf1info.fr\/high-tech\/etats-unis-un-adolescent-se-suicide-apres-avoir-developpe-une-dependance-affective-aupres-d-une-ia-2330383.html\">Tf1<\/a> <a href=\"https:\/\/www.lapresse.ca\/affaires\/techno\/2025-10-10\/apres-le-suicide-de-son-adolescent\/une-mere-americaine-denonce-la-manipulation-des-robots-d-ia.php\">La Presse<\/a><\/p>\n\n\n\n<p>Plainte r\u00e9gl\u00e9e par accord avec l\u2019\u00e9diteur Replika cf. <a href=\"https:\/\/www.nytimes.com\/2026\/01\/07\/technology\/google-characterai-teenager-lawsuit.html\">NYT<\/a>&nbsp;<\/p>\n\n\n\n<p><strong>Sophie Rotenberg<\/strong>&nbsp;\u2013 ChatGPT \u2013 F\u00e9vrier 2025 \u2013 29 ans &#8211; D\u00e9fenestration&nbsp;?&nbsp;<\/p>\n\n\n\n<p><a href=\"https:\/\/www.lepoint.fr\/high-tech-internet\/elle-confiait-ses-pensees-suicidaires-a-chatgpt-avant-de-passer-a-l-acte-19-08-2025-2596650_47.php\">Le Point<\/a> <a href=\"https:\/\/www.nytimes.com\/2025\/08\/18\/opinion\/chat-gpt-mental-health-suicide.html\">NYT<\/a><\/p>\n\n\n\n<p><strong>Zane Shamblin<\/strong>&nbsp;\u2013 ChatGPT \u2013 Juillet 2025 <a>\u2013 23 ans &#8211; Suicide par arme \u00e0 feu<\/a><\/p>\n\n\n\n<p><a href=\"https:\/\/edition.cnn.com\/2025\/11\/06\/us\/openai-chatgpt-suicide-lawsuit-invs-vis\">CNN<\/a> <a href=\"https:\/\/www.leparisien.fr\/high-tech\/on-se-voit-de-lautre-cote-un-jeune-americain-de-23-ans-se-suicide-apres-avoir-parle-a-chatgpt-ses-parents-poursuivent-openai-07-11-2025-MTJPOIVTUFFLJCI7SMA4ZQGZUQ.php\">Le Parisien<\/a> <a href=\"https:\/\/www.lefigaro.fr\/international\/je-t-aime-zane-on-se-voit-de-l-autre-cote-spaceman-la-famille-d-un-americain-accuse-chatgpt-apres-son-suicide-20251110\">Le Figaro<\/a> <a href=\"https:\/\/www.ouest-france.fr\/high-tech\/intelligence-artificielle\/je-suis-avec-toi-tu-es-pret-ils-accusent-chatgpt-davoir-pousse-leur-fils-au-suicide-b48039ee-bbea-11f0-8016-e146a44cd02b\">Ouest France<\/a> <a href=\"https:\/\/www.tiktok.com\/@bfmtv\/video\/7570676989309373718\">Tik Tok Bfm<\/a> <a href=\"https:\/\/www.instagram.com\/reels\/DQ4airfAIsF\/\">Instagram CNN<\/a> <a href=\"https:\/\/www.tiktok.com\/@cnn\/video\/7571099604326878478\">Tik Tok CNN<\/a> <a href=\"https:\/\/www.sudouest.fr\/sciences-et-technologie\/intelligence-artificielle\/je-te-comprends-tu-as-bien-agi-un-jeune-americain-se-suicide-apres-avoir-discute-avec-chatgpt-26633178.php\">Sud Ouest<\/a> <a href=\"https:\/\/www.instagram.com\/p\/DQz40UzjBLa\/\">Instagram<\/a><\/p>\n\n\n\n<p><strong>Amaurie Lacey<\/strong> \u2013 ChatGPT \u2013 17 ans \u2013 Pendaison<\/p>\n\n\n\n<p><a href=\"https:\/\/socialmediavictims.org\/press-releases\/smvlc-tech-justice-law-project-lawsuits-accuse-chatgpt-of-emotional-manipulation-supercharging-ai-delusions-and-acting-as-a-suicide-coach\/\">socialmediavictims.org<\/a><\/p>\n\n\n\n<p><strong>Joshua Enneking <\/strong>\u2013 ChatgGPT &#8211; &nbsp;26 ans \u2013 Arme \u00e0 feu<\/p>\n\n\n\n<p><a href=\"https:\/\/socialmediavictims.org\/press-releases\/smvlc-tech-justice-law-project-lawsuits-accuse-chatgpt-of-emotional-manipulation-supercharging-ai-delusions-and-acting-as-a-suicide-coach\/\">socialmediavictims.org<\/a><\/p>\n\n\n\n<p><strong>Viktoria<\/strong>&nbsp;(nom rest\u00e9e anonyme) \u2013 ChatGPT \u2013 20 ans \u2013 Pulsion suicidaires<\/p>\n\n\n\n<p><a href=\"https:\/\/www.bbc.com\/afrique\/articles\/cgjd04q6xx3o\">BBC Afrique<\/a><\/p>\n\n\n\n<p><strong>Juliana Peralta<\/strong>&nbsp;\u2013 CharacterAI&nbsp;<a>&#8211; 13 ans &#8211; date et mode op\u00e9ratoire du suicide non rendu publique &#8211;<\/a><\/p>\n\n\n\n<p><a href=\"https:\/\/www.bbc.com\/afrique\/articles\/cgjd04q6xx3o\">BBC Afrique<\/a>&nbsp; &nbsp;<a href=\"https:\/\/www.cbsnews.com\/colorado\/news\/lawsuit-characterai-chatbot-colorado-suicide\/\">CBS<\/a> <a href=\"https:\/\/www.instagram.com\/reel\/DR-3oz4kafF\/?utm_source=ig_web_copy_link&amp;igsh=NTc4MTIwNjQ2YQ==\">Instagram<\/a><\/p>\n\n\n\n<p>Proc\u00e8s engag\u00e9 dans le Colorado cf. <a href=\"https:\/\/incidentdatabase.ai\/fr\/cite\/1209\/\">incidentdatabase.ai<\/a><\/p>\n","protected":false},"excerpt":{"rendered":"<p>Image g\u00e9n\u00e9r\u00e9e par ChatGPT Nous documentons ici plusieurs cas de suicide d\u2019adolescents relat\u00e9s par la presse. Compte tenu des r\u00e8gles de confidentialit\u00e9 et de protection des contenus \u00e9ditoriaux, nous ne pouvons publier sur ce site les photos des adolescents tomb\u00e9s &hellip; <a href=\"https:\/\/chatgptmatuer.fr\/index.php\/suicide-coach\/\">Continuer la lecture <span class=\"meta-nav\">&rarr;<\/span><\/a><\/p>\n","protected":false},"author":1,"featured_media":0,"parent":0,"menu_order":0,"comment_status":"closed","ping_status":"closed","template":"","meta":{"jetpack_post_was_ever_published":false,"footnotes":""},"class_list":["post-340","page","type-page","status-publish","hentry"],"jetpack_sharing_enabled":true,"_links":{"self":[{"href":"https:\/\/chatgptmatuer.fr\/index.php\/wp-json\/wp\/v2\/pages\/340","targetHints":{"allow":["GET"]}}],"collection":[{"href":"https:\/\/chatgptmatuer.fr\/index.php\/wp-json\/wp\/v2\/pages"}],"about":[{"href":"https:\/\/chatgptmatuer.fr\/index.php\/wp-json\/wp\/v2\/types\/page"}],"author":[{"embeddable":true,"href":"https:\/\/chatgptmatuer.fr\/index.php\/wp-json\/wp\/v2\/users\/1"}],"replies":[{"embeddable":true,"href":"https:\/\/chatgptmatuer.fr\/index.php\/wp-json\/wp\/v2\/comments?post=340"}],"version-history":[{"count":4,"href":"https:\/\/chatgptmatuer.fr\/index.php\/wp-json\/wp\/v2\/pages\/340\/revisions"}],"predecessor-version":[{"id":347,"href":"https:\/\/chatgptmatuer.fr\/index.php\/wp-json\/wp\/v2\/pages\/340\/revisions\/347"}],"wp:attachment":[{"href":"https:\/\/chatgptmatuer.fr\/index.php\/wp-json\/wp\/v2\/media?parent=340"}],"curies":[{"name":"wp","href":"https:\/\/api.w.org\/{rel}","templated":true}]}}