{"id":320,"date":"2026-03-24T10:16:29","date_gmt":"2026-03-24T10:16:29","guid":{"rendered":"https:\/\/chatgptmatuer.fr\/?page_id=320"},"modified":"2026-03-24T10:16:30","modified_gmt":"2026-03-24T10:16:30","slug":"ai-mon-dildo","status":"publish","type":"page","link":"https:\/\/chatgptmatuer.fr\/index.php\/ai-mon-dildo\/","title":{"rendered":"AI\u00a0! mon dildo\u00a0!"},"content":{"rendered":"\n<figure class=\"wp-block-image size-full\"><img loading=\"lazy\" decoding=\"async\" width=\"303\" height=\"402\" src=\"https:\/\/chatgptmatuer.fr\/wp-content\/uploads\/2026\/03\/image-4.png\" alt=\"\" class=\"wp-image-321\" srcset=\"https:\/\/chatgptmatuer.fr\/wp-content\/uploads\/2026\/03\/image-4.png 303w, https:\/\/chatgptmatuer.fr\/wp-content\/uploads\/2026\/03\/image-4-226x300.png 226w\" sizes=\"auto, (max-width: 303px) 100vw, 303px\" \/><\/figure>\n\n\n\n<p>Perroquet Youyou<\/p>\n\n\n\n<p>Sophie avait rompu depuis trois mois avec son dernier amant, un certain Ken, un nom difficile \u00e0 porter, un peu ridicule m\u00eame, mais dont le \u2018beau\u2019, comme disent les Canadiens, \u00e9tait, sottement, tr\u00e8s fier. Ken n\u2019avait, comme son homologue en plastique, que peu de conversation mais des plaquettes de chocolat et une queue habile. Rencontr\u00e9 sur Tinder, il avait assur\u00e9 avec fiabilit\u00e9 sa fonction co\u00eftale mais s\u2019\u00e9tait r\u00e9v\u00e9l\u00e9 de l\u2019intelligence d\u2019une praire et Sophie avait rompu.<\/p>\n\n\n\n<p>Ken, dont nous avons parl\u00e9 au paragraphe pr\u00e9c\u00e9dent, \u00e9tait s\u00e9n\u00e9galais. Le bel amant noir assez d\u00e9sargent\u00e9, avait offert \u00e0 la Saint Valentin \u00e0 Sophie un perroquet vert, un youyou, un superbe animal au plumage vert, \u00e0 la t\u00eate grise et aux joues argent\u00e9es dont les yeux malicieux tendaient au jaune-orange. Sophie l\u2019avait appel\u00e9 \u00ab&nbsp;Youyou&nbsp;\u00bb, le nom de l\u2019esp\u00e8ce, faute d\u2019imagination. Elle fut ravie par la tendresse de l\u2019animal qui vivait librement dans l\u2019appartement. Il faisait le pitre, inclinant sa t\u00eate, pour regarder Sophie avant d\u2019\u00e9clater de rire.&nbsp; \u00ab&nbsp;Bonjour Youyou&nbsp;!&nbsp;\u00bb lan\u00e7ait le matin Sophie \u00e0 l\u2019animal qui r\u00e9pondait un peu strident \u00ab&nbsp;Bonnnnjouuur&nbsp;!!! Sophii&nbsp;!&nbsp;\u00bb.<\/p>\n\n\n\n<p>Ken lui avait amen\u00e9 l\u2019animal dans une cage et lui avait pourtant recommand\u00e9 de ne pas le laisser sortir mais, ce qu\u2019il n\u2019avait pas expliqu\u00e9, c\u2019est que Youyou \u00e9tait un perroquet m\u00e2le qui, si on le laissait libre sur son perchoir, se pr\u00e9cipitait en volant vers lui pour l\u2019attaquer, faisant montre d\u2019une jalousie violente de m\u00e2le alpha.<\/p>\n\n\n\n<p>Ken mis \u00e0 la porte, Sophie garda le perroquet vert et l\u2019installa, sans l\u2019encha\u00eener \u00e0 un perchoir dans le salon.<\/p>\n\n\n\n<p>Avec Sophie, Youyou \u00e9tait tendre, venait se poser sur son \u00e9paule, frottait amoureusement sa t\u00eate contre son cou, puis descendait le long de son bras pour venir chiper dans son assiette si la nourriture le tentait.&nbsp;<\/p>\n\n\n\n<p>Voil\u00e0 bient\u00f4t un an que Youyou cohabitait avec Sophie dans la plus parfaite harmonie. Il venait m\u00eame s\u2019accrocher sur le robinet de la baignoire pour dodeliner de la t\u00eate en la contemplant avec amour, nue dans la mousse. Un jour, les pattes de Youyou gliss\u00e8rent du robinet et il tomba dans la mousse d\u2019o\u00f9 il \u00e9mergea, toussotant mais propre, et tous les deux rirent tant que le plaisantin prit dor\u00e9navant l\u2019habitude de se baigner car il adorait sentir ses plumes s\u00e9cher, s\u2019\u00e9bouriffer sous le souffle chaud du s\u00e9choir \u00e0 cheveux qui lui rappelait le vent chaud de sa savane perdue.<\/p>\n\n\n\n<p>Youyou avait bien des qualit\u00e9s mais il ne descendait pas les poubelles ce qui est, comme on le sait, l\u2019utilit\u00e9 principale d\u2019un homme \u00e0 la maison, avec le sexe, malgr\u00e9 tous les inconv\u00e9nients associ\u00e9s&nbsp;: odeurs, lunette des WC, canettes de bi\u00e8re, football\u2026<\/p>\n\n\n\n<p>Sophie, \u00e0 vingt-six, s\u2019\u00e9tait converti au \u2018no-sex\u2019, la chastet\u00e9 volontaire, non subie, l\u2019oubli du sexe, ou presque. Elle s\u2019octroyait quelques masturbations manuelles mais, surtout, sublimait cf. Sigmund Freud, ses pulsions \u00e9rotiques dans sa brillante r\u00e9ussite professionnelle et des stage de course \u00e0 pied et soupe d\u2019orties dans la Dr\u00f4me dont elle revenait \u00ab&nbsp;affut\u00e9e comme un couteau suisse&nbsp;\u00bb, selon elle, \u00ab&nbsp;d\u2019une maigreur de r\u00e9chapp\u00e9e du Goulag&nbsp;\u00bb, selon sa m\u00e8re.<\/p>\n\n\n\n<p>Quinoa et th\u00e9 matcha, yoga et jogging lui avaient fa\u00e7onn\u00e9 une silhouette androgyne, presque plus de seins, des fesses minuscules mais muscl\u00e9es, un ventre plat et dur qu\u2019une coupe de cheveux \u00e0 la Jeanne Seberg dans <em>A bout de souffle, <\/em>ou mieux dans <em>Sainte Jeanne,<\/em> en faisait une Jeanne d\u2019Arc de la publicit\u00e9.<\/p>\n\n\n\n<p>Car Sophie \u00e9tait pubarde et r\u00e9ussissait tr\u00e8s bien dans ce milieu hypercomp\u00e9titif. Pour elle, nul besoin de poudre blanche pour \u00eatre toujours au top.<\/p>\n\n\n\n<p>No-sex, mais, pour autant, Sophie \u00e9tait une jeune femme lib\u00e9r\u00e9e, nullement pudibonde.<\/p>\n\n\n\n<p>La Saint Valentin marquant le premier anniversaire de son entr\u00e9e dans le d\u00e9sert des sens, Sophie feuilleta, dans la salle d\u2019attente de sa gyn\u00e9cologue consult\u00e9e car son exc\u00e8s de sport avait provoqu\u00e9 une am\u00e9norrh\u00e9e, un magazine f\u00e9minin qui trainait sur une table basse. La couverture faisait la retape avec le titre \u00ab&nbsp;NOUS AVONS TESTE LES SEX TOYS CONNECTES&nbsp;!&nbsp;\u00bb<\/p>\n\n\n\n<p>Sophie y d\u00e9couvrit que des sex-toys, pour homme comme pour femme, pouvaient \u00eatre t\u00e9l\u00e9command\u00e9s \u00e0 partir d\u2019un ordinateur ou d\u2019un smartphone et que, \u00ab&nbsp;MIEUX ENCORE&nbsp;!&nbsp;\u00bb on pouvait \u00ab&nbsp;JOUER A DEUX&nbsp;\u00bb car deux amants pouvaient activer \u00e0 distance le sex toy de l\u2019autre pour partager des orgasmes quand ils \u00e9taient s\u00e9par\u00e9s pour une heure, un jour ou plus longtemps.<\/p>\n\n\n\n<p>\u00ab \u00c7a n\u2019explique pas comment faire des partouzes&nbsp;\u00bb se fit la r\u00e9flexion la tr\u00e8s organis\u00e9e Sophie.<\/p>\n\n\n\n<p>De petites merveilles de technologie pour du sexe dans la t\u00eate et dans le corps&nbsp;!<\/p>\n\n\n\n<p>Le dildo&nbsp;de la marque VibeO, \u00ab&nbsp;en silicone de qualit\u00e9 m\u00e9dicale&nbsp;\u00bb d\u2019une jolie forme ovo\u00efde, se chargeait par contact pour \u00e9viter toute prise externe, avait la capacit\u00e9 de gonfler de 37 %, de se r\u00e9chauffer, et de vibrer, trois param\u00e8tres g\u00e9r\u00e9s via une application Bluetooth. On pouvait g\u00e9rer ainsi ses vibrations depuis son ordinateur, son smartphone, sa montre connect\u00e9e et m\u00eame par la voix gr\u00e2ce \u00e0 une box connect\u00e9e.<\/p>\n\n\n\n<p>On pouvait aussi lui parler, lui donner un petit nom. Il suffisant de dire \u00ab&nbsp;(le nom choisi) r\u00e9veille-toi&nbsp;!&nbsp;\u00bb, comme Aladin caressant la lampe magique et le dildo pr\u00e9alablement ins\u00e9r\u00e9 dans le vagin, selon les pr\u00e9r\u00e9glages de l\u2019application, \u00ab&nbsp;prenait vie au plus intime de vous&nbsp;pour vous procurer des orgasmes inoubliables&nbsp;\u00bb promettait la brochure du mod\u00e8le not\u00e9 ***** par la journaliste.<\/p>\n\n\n\n<p>\u00ab&nbsp;Elle a d\u00fb s\u2019\u00e9puiser, la pauvre petite, \u00e0 s\u2019envoyer en l\u2019air avec tous ces trucs&nbsp;\u00bb moqua Sophie en cessant sa lecture, interrompu par l\u2019appel de sa gyn\u00e9co pour son propre examen vaginal.<\/p>\n\n\n\n<p>\u00ab&nbsp;C\u2019est dans une semaine la Saint-Valentin. Fais une folie ma fille&nbsp;!&nbsp;\u00bb dit \u00e0 voix haute Sophie en commandant en ligne un VibeO et puis, aussi sur une cave en ligne, une demi-bouteille de champagne.<\/p>\n\n\n\n<p>Le soir de la Saint-Valentin, Sophie avait re\u00e7u \u00e0 temps le tr\u00e8s joli dildo et, tandis que le champagne refroidissait au frigidaire, elle se pr\u00e9para \u00e0 se r\u00e9chauffer en t\u00e9l\u00e9chargeant l\u2019application sur son iPhone qui \u00e9tait connect\u00e9 \u00e0 son iPad, \u00e0 sa montre et \u00e0 au HomePod gr\u00e2ce au logiciel Siri.<\/p>\n\n\n\n<p>Elle avait d\u00e9cid\u00e9 d\u2019appeler VibeO \u00ab&nbsp;Max&nbsp;\u00bb, le nom de son ant\u00e9p\u00e9nulti\u00e8me amant, qui avant Ken, avait tenu presqu\u2019un an.<\/p>\n\n\n\n<p>Allong\u00e9e sur le sofa, en dessous coquins, elle mit en place Max, sous le regard furieux de Youyou qui n\u2019\u00e9tait pas content car ne voulant pas \u00eatre d\u00e9rang\u00e9e, elle l\u2019avait, exceptionnellement attach\u00e9 \u00e0 son perchoir et Youyou tentait de couper l\u2019anneau avec son bec.<\/p>\n\n\n\n<p>Tout \u00e9tait pr\u00eat, Sophie but une coupe de champagne et dit \u00e0 voix haute et intelligible \u00e0 l\u2019adresse du HomePod&nbsp;: \u00ab&nbsp;Max&nbsp;! r\u00e9veille-toi&nbsp;!&nbsp;\u00bb.<\/p>\n\n\n\n<p>Fut-ce le r\u00e9sultat de sa tr\u00e8s longue continence, des bulles de champagne, de la dext\u00e9rit\u00e9 de Max&nbsp;? les trois combin\u00e9s provoqu\u00e8rent en Sophie plusieurs orgasmes successifs, violents. Secou\u00e9e comme par des d\u00e9charges \u00e9lectriques, elle se tordait, se refusait et allait au-devant des mouvements de Max qui comme une houle lui enlevait toute pudeur et elle g\u00e9mit puis cria&nbsp;: \u00ab&nbsp;Oui, oui, encore&nbsp;!&nbsp;\u00bb.<\/p>\n\n\n\n<p>Max devint une drogue et il tardait \u00e0 Sophie de rentrer chez elle pour s\u2019abandonner, prendre son plaisir plusieurs fois dans la soir\u00e9e. Ces co\u00efts lui procuraient une grande sensation de bien-\u00eatre, la rendaient \u00ab&nbsp;zen&nbsp;\u00bb.<\/p>\n\n\n\n<p>Pour que le plaisir soit encore plus intense, Sophie t\u00e9l\u00e9chargea une vid\u00e9o pornographique montrant une fort belle femme se masturbant dont les g\u00e9missements, tout d\u2019abord murmur\u00e9s devaient plus intenses et s\u2019achevaient par des cris, le volume sonore du clip qu\u2019elle visionnait sur sa t\u00e9l\u00e9vision connect\u00e9e, dirigeant l\u2019intensit\u00e9 des mouvements de Max en elle. Elle pouvait \u00e9galement visionner la vid\u00e9o sur son ordinateur ou son smart phone, le son dans ses Airpods. Le r\u00e9glage permettait de d\u00e9buter piano piano par le r\u00e9chauffement et le gonflement du godemich\u00e9&nbsp;avant de lancer la vid\u00e9o.<\/p>\n\n\n\n<p>Youyou r\u00e9compens\u00e9 pour avoir \u00e9t\u00e9 sage, n\u2019\u00e9tait plus attach\u00e9 durant ces orgies priv\u00e9es. Il restait intrigu\u00e9 de voir sa ma\u00eetresse d\u2019habitude si calme se lover comme un de ces pythons que le perroquet craignait plus que tout ayant vu certains de ses cong\u00e9n\u00e8res d\u00e9vor\u00e9s d\u2019une seule bouch\u00e9e. Du coup, il restait \u00e0 l\u2019\u00e9cart, le temps que la temp\u00eate des sens se soit apais\u00e9e et que Sophie ait reprise une vie normale. Youyou \u00e9tait intrigu\u00e9 par ce \u00ab&nbsp;Max&nbsp;\u00bb qu\u2019il ne voyait pas et auquel sa ma\u00eetresse parlait. Les s\u00e9ances orgasmiques se r\u00e9p\u00e9tant, Youyou apprit des mots nouveaux, des phrases m\u00eame comme ce \u00ab&nbsp;Max r\u00e9veille-toi&nbsp;!&nbsp;\u00bb M\u00e9fiant, il ne les l\u00e2chait pas en pr\u00e9sence de sa ma\u00eetresse mais, seul, quand elle \u00e9tait partie au bureau. Youyou alors criait \u00ab&nbsp;Max r\u00e9veille-toi&nbsp;!&nbsp;\u00bb ce qui provoquait le son d\u2019une vibration provenant de la table de chevet de Sophie. Grand myst\u00e8re&nbsp;!<\/p>\n\n\n\n<p>Grand myst\u00e8re \u00e9galement, la d\u00e9charge rapide de Max qui perdait tout son jus (\u00e9lectrique) alors que le constructeur promettait 300 heures d\u2019autonomie entre les charges. \u00ab&nbsp;Max d\u00e9bande \u00e9trangement rapidement&nbsp;\u00bb s\u2019\u00e9tonnait \u00e0 voix haute Sophie qui ne pouvait pas imaginer une infid\u00e9lit\u00e9 de sa part\u2026<\/p>\n\n\n\n<p>Bient\u00f4t Sophie n\u2019y tint plus. Elle devait ce jour-l\u00e0 d\u00e9fendre devant un tr\u00e8s important prospect, l\u2019offre de son cabinet de publicit\u00e9 pour une campagne pour un d\u00e9odorant f\u00e9minin du doux nom de Z\u00e9phir, un tr\u00e8s gros budget.<\/p>\n\n\n\n<p>Sophie, \u00e9puis\u00e9 par le stress des jours pr\u00e9c\u00e9dents, avait tr\u00e8s mal dormi. Craignant de compromettre sa pr\u00e9sentation, elle d\u00e9cida d\u2019emmener au bureau Max pour pouvoir, avant la r\u00e9union, se d\u00e9tendre avec lui car elle avait droit \u00e0 un bureau pour elle dont elle ferma la porte avant d\u2019\u00e9veiller Max, le djinn du dildo.<\/p>\n\n\n\n<p>Par prudence, au cas o\u00f9 quelqu\u2019un entrerait \u00e0 l\u2019improviste dans son bureau, elle jouit en regardant l\u2019\u00e9cran de son iPhone.<\/p>\n\n\n\n<p>Compl\u00e8tement d\u00e9tendue, Sophie entra dans la salle de r\u00e9union o\u00f9 \u00e9taient d\u00e9j\u00e0 assis, des deux c\u00f4t\u00e9s de la grande table en verre, les clients face au dirigeant du cabinet de publicit\u00e9 qui leur adressait des gracieuset\u00e9s et l\u2019accueillit ainsi&nbsp;:<\/p>\n\n\n\n<p>\u00ab&nbsp;Ah&nbsp;! voici Sophie, notre star&nbsp;! C\u2019est elle qui a d\u00e9velopp\u00e9 le concept de la campagne. Sophie, nous t\u2019\u00e9coutons&nbsp;!&nbsp;\u00bb<\/p>\n\n\n\n<p>Sophie prit place pr\u00e8s du r\u00e9troprojecteur dans son tailleur noir d\u2019executive woman, agr\u00e9ment\u00e9 d\u2019un tout aussi sobre chemisier blanc. Un bracelet d\u2019argent Dogon \u00e9tait la seule excentricit\u00e9 qu\u2019elle s\u2019autorisait. Sophie connecta son iPad et alluma son grand sourire pour les prospects.<\/p>\n\n\n\n<p>\u00ab&nbsp;Nous avons appel\u00e9 votre campagne \u00ab&nbsp;Osez&nbsp;!&nbsp;\u00bb. Osez car les femmes n\u2019osent parfois pas faire du sport, faire de grands m\u00e9nages, se d\u00e9penser au bureau de peur des aur\u00e9oles sous les bras&nbsp;! Nous leurs disons \u00ab&nbsp;Osez gr\u00e2ce \u00e0 Z\u00e9phir&nbsp;!&nbsp;\u00bb.<\/p>\n\n\n\n<p>Les slides s\u2019encha\u00eenaient avec naturel. Les superbes femmes g\u00e9n\u00e9r\u00e9es par l\u2019IA d\u00e9filaient \u00e0 l\u2019\u00e9cran. Celles en maillot de bains sexy, tenant, le bras tendu pour d\u00e9voiler leur dessous de bras impeccables, des d\u00e9odorants Z\u00e9phir, plurent particuli\u00e8rement aux deux hommes.<\/p>\n\n\n\n<p>L\u2019enthousiasme communicatif de la jeune femme emportait progressivement la conviction du PDG et du directeur marketing de Z\u00e9phir. La campagne os\u00e9e qui mettait \u00e0 moiti\u00e9 \u00e0 nu les femmes pour mieux \u00ab&nbsp;les habiller de fraicheur&nbsp;\u00bb, un des slogans dont Sophie n\u2019\u00e9tait pas peu fi\u00e8re, les s\u00e9duisait.<\/p>\n\n\n\n<p>L\u00e0-bas, dans l\u2019appartement d\u00e9sert\u00e9, Youyou avait fini de r\u00e9pandre ses graines de tournesol et s\u2019\u00e9tait toilett\u00e9 dans le bac d\u2019eau. Comme il s\u2019ennuyait il d\u00e9cida de jouer avec le myst\u00e9rieux esprit vibreur de la maison. \u00ab&nbsp;Max, r\u00e9veille-toi&nbsp;!&nbsp;\u00bb cria le perroquet.<\/p>\n\n\n\n<p>L\u2019HomePod sortit de sa l\u00e9thargie, s\u2019alluma d\u2019une jolie lumi\u00e8re verte qui plaisait beaucoup au volatile et transmit par internet l\u2019ordre \u00e0 Max.<\/p>\n\n\n\n<p>Sophie sentit Max se r\u00e9veiller en elle. Max s\u2019\u00e9chauffait avant le sexe.<\/p>\n\n\n\n<p>La terreur et la chaleur intime firent transpirer Sophie. Son trouble devint visible aux aur\u00e9oles qui se formaient sur son chemisier. Elle interrompit son expos\u00e9 pour sortir pr\u00e9cipitamment son t\u00e9l\u00e9phone, en faisant mine de garder son calme.<\/p>\n\n\n\n<p>\u00ab&nbsp;Excusez-moi, j\u2019ai oubli\u00e9 de mettre mon portable en silencieux&nbsp;\u00bb pr\u00e9texta-t-elle.<\/p>\n\n\n\n<p>Elle r\u00e9ussit \u00e0 donner l\u2019ordre \u00e0 Max de se rendormir juste \u00e0 temps et reprit, transpirante, son expos\u00e9.<\/p>\n\n\n\n<p>Comme rien ne vibrait dans la maison vide, le <em>Poicephalus senegalus <\/em>r\u00e9it\u00e9ra son ordre \u00e0 Max d\u2019un cri de plus en plus strident.<\/p>\n\n\n\n<p>Une course-poursuite s\u2019engagea alors entre Youyou et Sophie dont Youyou sortit vainqueur.<\/p>\n\n\n\n<p>Les ordres r\u00e9it\u00e9r\u00e9s d\u00e9clench\u00e8rent les vibrations de Max et, horreur ! le clip vid\u00e9o s\u2019afficha sur l\u2019\u00e9cran de l\u2019iPhone. Les cris de jouissance de la dame emplirent la pi\u00e8ce. Sophie r\u00e9ussit \u00e0 arr\u00eater l\u2019iPhone mais Max continua \u00e0 projeter le clip sur la t\u00e9l\u00e9vision du salon \u00e0 la stupeur de Youyou et, pire, se dupliqua sur l\u2019iPad de Sophie, prenant la main sur la pr\u00e9sentation pour exposer en 4K la masturbation de la dame sur l\u2019immense \u00e9cran de la salle de r\u00e9union.<\/p>\n\n\n\n<p>Sophie mit un terme \u00e0 la d\u00e9b\u00e2cle en arr\u00eatant son iPad et s\u2019appr\u00eatait \u00e0 s\u2019enfuir de la salle de r\u00e9union pour aller faire son paquet de d\u00e9part, persuad\u00e9e d\u2019\u00eatre vir\u00e9e quand, \u00e0 son grand \u00e9tonnement, le PDG de Z\u00e9phir applaudit. Le Directeur marketing, apr\u00e8s un instant d\u2019h\u00e9sitation, se joignit \u00e0 son chef et, fut rejoint ensuite par le PDG qui \u00e9tait presque tomb\u00e9 de sa chaise de surprise devant la gabegie.<\/p>\n\n\n\n<p>\u00ab&nbsp;Bravo&nbsp;! Pour \u00eatre os\u00e9, c\u2019est os\u00e9&nbsp;! M\u00eame la femme dans ses moments les plus intimes voudra utiliser Z\u00e9phir&nbsp;! Il fallait y penser&nbsp;! \u00c7a va faire un buzz du tonnerre&nbsp;! J\u2019adore&nbsp;!&nbsp;\u00bb d\u00e9clara le dirigeant \u00ab&nbsp;Le budget de la campagne est pour vous&nbsp;!&nbsp;\u00bb<\/p>\n\n\n\n<p>Sophie ne fut pas cong\u00e9di\u00e9e, re\u00e7ut une prime mais laissa dor\u00e9navant Max avec Youyou.<\/p>\n\n\n\n<p>Aucun des deux complices ne d\u00e9non\u00e7a l\u2019autre et Sophie obtint un nouveau Max, Max n\u00b02 tout neuf du service apr\u00e8s-vente du constructeur qui d\u00e9monta Max n\u00b01 sans y d\u00e9couvrir le perroquet.<\/p>\n","protected":false},"excerpt":{"rendered":"<p>Perroquet Youyou Sophie avait rompu depuis trois mois avec son dernier amant, un certain Ken, un nom difficile \u00e0 porter, un peu ridicule m\u00eame, mais dont le \u2018beau\u2019, comme disent les Canadiens, \u00e9tait, sottement, tr\u00e8s fier. Ken n\u2019avait, comme son &hellip; <a href=\"https:\/\/chatgptmatuer.fr\/index.php\/ai-mon-dildo\/\">Continuer la lecture <span class=\"meta-nav\">&rarr;<\/span><\/a><\/p>\n","protected":false},"author":1,"featured_media":0,"parent":0,"menu_order":0,"comment_status":"closed","ping_status":"closed","template":"","meta":{"jetpack_post_was_ever_published":false,"footnotes":""},"class_list":["post-320","page","type-page","status-publish","hentry"],"jetpack_sharing_enabled":true,"_links":{"self":[{"href":"https:\/\/chatgptmatuer.fr\/index.php\/wp-json\/wp\/v2\/pages\/320","targetHints":{"allow":["GET"]}}],"collection":[{"href":"https:\/\/chatgptmatuer.fr\/index.php\/wp-json\/wp\/v2\/pages"}],"about":[{"href":"https:\/\/chatgptmatuer.fr\/index.php\/wp-json\/wp\/v2\/types\/page"}],"author":[{"embeddable":true,"href":"https:\/\/chatgptmatuer.fr\/index.php\/wp-json\/wp\/v2\/users\/1"}],"replies":[{"embeddable":true,"href":"https:\/\/chatgptmatuer.fr\/index.php\/wp-json\/wp\/v2\/comments?post=320"}],"version-history":[{"count":1,"href":"https:\/\/chatgptmatuer.fr\/index.php\/wp-json\/wp\/v2\/pages\/320\/revisions"}],"predecessor-version":[{"id":322,"href":"https:\/\/chatgptmatuer.fr\/index.php\/wp-json\/wp\/v2\/pages\/320\/revisions\/322"}],"wp:attachment":[{"href":"https:\/\/chatgptmatuer.fr\/index.php\/wp-json\/wp\/v2\/media?parent=320"}],"curies":[{"name":"wp","href":"https:\/\/api.w.org\/{rel}","templated":true}]}}