{"id":104,"date":"2026-03-12T05:17:10","date_gmt":"2026-03-12T05:17:10","guid":{"rendered":"http:\/\/chatgptmatuer.fr\/?page_id=104"},"modified":"2026-03-14T08:12:23","modified_gmt":"2026-03-14T08:12:23","slug":"internet-et-nouvelles-technologies","status":"publish","type":"page","link":"https:\/\/chatgptmatuer.fr\/index.php\/internet-et-nouvelles-technologies\/","title":{"rendered":"Livres de Christophe Stener  sur Internet et les nouvelles technologies"},"content":{"rendered":"\n<p>Ouvrages collectifs coordonn\u00e9s par Christophe Stener r\u00e9unissant les contributions de plus de 100 experts politiques, associatifs et des entreprises informatiques &#8211; Trois  \u00e9ditions 2011 et 2016<\/p>\n\n\n\n<figure class=\"wp-block-image size-full\"><img loading=\"lazy\" decoding=\"async\" width=\"454\" height=\"649\" src=\"http:\/\/chatgptmatuer.fr\/wp-content\/uploads\/2026\/03\/Edition-La-Tribune.jpg\" alt=\"\" class=\"wp-image-107\" srcset=\"https:\/\/chatgptmatuer.fr\/wp-content\/uploads\/2026\/03\/Edition-La-Tribune.jpg 454w, https:\/\/chatgptmatuer.fr\/wp-content\/uploads\/2026\/03\/Edition-La-Tribune-210x300.jpg 210w\" sizes=\"auto, (max-width: 454px) 100vw, 454px\" \/><\/figure>\n\n\n\n<figure class=\"wp-block-image size-large\"><img loading=\"lazy\" decoding=\"async\" width=\"722\" height=\"1024\" src=\"http:\/\/chatgptmatuer.fr\/wp-content\/uploads\/2026\/03\/Edition-Le-Maire-722x1024.jpg\" alt=\"\" class=\"wp-image-106\" srcset=\"https:\/\/chatgptmatuer.fr\/wp-content\/uploads\/2026\/03\/Edition-Le-Maire-722x1024.jpg 722w, https:\/\/chatgptmatuer.fr\/wp-content\/uploads\/2026\/03\/Edition-Le-Maire-212x300.jpg 212w, https:\/\/chatgptmatuer.fr\/wp-content\/uploads\/2026\/03\/Edition-Le-Maire-768x1089.jpg 768w, https:\/\/chatgptmatuer.fr\/wp-content\/uploads\/2026\/03\/Edition-Le-Maire.jpg 959w\" sizes=\"auto, (max-width: 722px) 100vw, 722px\" \/><\/figure>\n\n\n\n<figure class=\"wp-block-image size-full\"><img loading=\"lazy\" decoding=\"async\" width=\"331\" height=\"500\" src=\"http:\/\/chatgptmatuer.fr\/wp-content\/uploads\/2026\/03\/917564258.jpg\" alt=\"\" class=\"wp-image-105\" srcset=\"https:\/\/chatgptmatuer.fr\/wp-content\/uploads\/2026\/03\/917564258.jpg 331w, https:\/\/chatgptmatuer.fr\/wp-content\/uploads\/2026\/03\/917564258-199x300.jpg 199w\" sizes=\"auto, (max-width: 331px) 100vw, 331px\" \/><\/figure>\n\n\n\n<p>Texte de l&rsquo;\u00e9dition 2016 en ligne sur le site de la CNIL <\/p>\n\n\n\n<figure class=\"wp-block-image size-full\"><img loading=\"lazy\" decoding=\"async\" width=\"527\" height=\"110\" src=\"http:\/\/chatgptmatuer.fr\/wp-content\/uploads\/2026\/03\/Logo-CNIL.jpg\" alt=\"\" class=\"wp-image-108\" srcset=\"https:\/\/chatgptmatuer.fr\/wp-content\/uploads\/2026\/03\/Logo-CNIL.jpg 527w, https:\/\/chatgptmatuer.fr\/wp-content\/uploads\/2026\/03\/Logo-CNIL-300x63.jpg 300w\" sizes=\"auto, (max-width: 527px) 100vw, 527px\" \/><\/figure>\n\n\n\n<p><a href=\"https:\/\/www.cnil.fr\/sites\/default\/files\/atoms\/files\/dictionnaire_politique_-_cnil.pdf\">https:\/\/www.cnil.fr\/sites\/default\/files\/atoms\/files\/dictionnaire_politique_-_cnil.pdf<\/a><\/p>\n\n\n\n<p>Texte de l&rsquo;\u00e9dition pr\u00e9fac\u00e9e par Alain Minc sur le site de l&rsquo;APRIL<\/p>\n\n\n\n<figure class=\"wp-block-image size-full\"><img loading=\"lazy\" decoding=\"async\" width=\"257\" height=\"113\" src=\"http:\/\/chatgptmatuer.fr\/wp-content\/uploads\/2026\/03\/April.jpg\" alt=\"\" class=\"wp-image-110\"\/><\/figure>\n\n\n\n<p><a href=\"https:\/\/www.april.org\/files\/dictionnaire-politique-internet-et-numerique.pdf\">https:\/\/www.april.org\/files\/dictionnaire-politique-internet-et-numerique.pdf<\/a><\/p>\n\n\n\n<figure class=\"wp-block-image size-large\"><img loading=\"lazy\" decoding=\"async\" width=\"1024\" height=\"473\" src=\"http:\/\/chatgptmatuer.fr\/wp-content\/uploads\/2026\/03\/Dictionnaire-politique-de-linternet-2016-1024x473.jpg\" alt=\"\" class=\"wp-image-109\" srcset=\"https:\/\/chatgptmatuer.fr\/wp-content\/uploads\/2026\/03\/Dictionnaire-politique-de-linternet-2016-1024x473.jpg 1024w, https:\/\/chatgptmatuer.fr\/wp-content\/uploads\/2026\/03\/Dictionnaire-politique-de-linternet-2016-300x139.jpg 300w, https:\/\/chatgptmatuer.fr\/wp-content\/uploads\/2026\/03\/Dictionnaire-politique-de-linternet-2016-768x355.jpg 768w, https:\/\/chatgptmatuer.fr\/wp-content\/uploads\/2026\/03\/Dictionnaire-politique-de-linternet-2016-1536x710.jpg 1536w, https:\/\/chatgptmatuer.fr\/wp-content\/uploads\/2026\/03\/Dictionnaire-politique-de-linternet-2016.jpg 1542w\" sizes=\"auto, (max-width: 1024px) 100vw, 1024px\" \/><\/figure>\n\n\n\n<p>Livre et eBook disponible sur BoD, Amazon, Fnac&#8230;<\/p>\n\n\n\n<p><a href=\"https:\/\/librairie.bod.fr\/dictionnaire-politique-dinternet-et-du-numerique-christophe-stener-9782322094660\">https:\/\/librairie.bod.fr\/dictionnaire-politique-dinternet-et-du-numerique-christophe-stener-9782322094660<\/a><\/p>\n\n\n\n<figure class=\"wp-block-embed is-type-rich is-provider-amazon wp-block-embed-amazon\"><div class=\"wp-block-embed__wrapper\">\n<iframe loading=\"lazy\" title=\"Dictionnaire politique d&#039;internet et du num\u00e9rique: Les cent enjeux de la soci\u00e9t\u00e9 num\u00e9rique\" type=\"text\/html\" width=\"640\" height=\"550\" frameborder=\"0\" allowfullscreen style=\"max-width:100%\" src=\"https:\/\/lire.amazon.fr\/kp\/card?preview=inline&#038;linkCode=kpd&#038;ref_=k4w_oembed_DwLz8yVX4hiWiM&#038;asin=2322094668&#038;tag=kpembed-20\"><\/iframe>\n<\/div><\/figure>\n\n\n\n<p><a href=\"https:\/\/www.fnac.com\/a9888154\/Christophe-Stener-Dictionnaire-politique-d-internet-et-du-numerique\">https:\/\/www.fnac.com\/a9888154\/Christophe-Stener-Dictionnaire-politique-d-internet-et-du-numerique<\/a><\/p>\n\n\n\n<p><\/p>\n","protected":false},"excerpt":{"rendered":"<p>Ouvrages collectifs coordonn\u00e9s par Christophe Stener r\u00e9unissant les contributions de plus de 100 experts politiques, associatifs et des entreprises informatiques &#8211; Trois \u00e9ditions 2011 et 2016 Texte de l&rsquo;\u00e9dition 2016 en ligne sur le site de la CNIL https:\/\/www.cnil.fr\/sites\/default\/files\/atoms\/files\/dictionnaire_politique_-_cnil.pdf Texte &hellip; <a href=\"https:\/\/chatgptmatuer.fr\/index.php\/internet-et-nouvelles-technologies\/\">Continuer la lecture <span class=\"meta-nav\">&rarr;<\/span><\/a><\/p>\n","protected":false},"author":1,"featured_media":0,"parent":0,"menu_order":0,"comment_status":"closed","ping_status":"closed","template":"","meta":{"jetpack_post_was_ever_published":false,"footnotes":""},"class_list":["post-104","page","type-page","status-publish","hentry"],"jetpack_sharing_enabled":true,"_links":{"self":[{"href":"https:\/\/chatgptmatuer.fr\/index.php\/wp-json\/wp\/v2\/pages\/104","targetHints":{"allow":["GET"]}}],"collection":[{"href":"https:\/\/chatgptmatuer.fr\/index.php\/wp-json\/wp\/v2\/pages"}],"about":[{"href":"https:\/\/chatgptmatuer.fr\/index.php\/wp-json\/wp\/v2\/types\/page"}],"author":[{"embeddable":true,"href":"https:\/\/chatgptmatuer.fr\/index.php\/wp-json\/wp\/v2\/users\/1"}],"replies":[{"embeddable":true,"href":"https:\/\/chatgptmatuer.fr\/index.php\/wp-json\/wp\/v2\/comments?post=104"}],"version-history":[{"count":3,"href":"https:\/\/chatgptmatuer.fr\/index.php\/wp-json\/wp\/v2\/pages\/104\/revisions"}],"predecessor-version":[{"id":202,"href":"https:\/\/chatgptmatuer.fr\/index.php\/wp-json\/wp\/v2\/pages\/104\/revisions\/202"}],"wp:attachment":[{"href":"https:\/\/chatgptmatuer.fr\/index.php\/wp-json\/wp\/v2\/media?parent=104"}],"curies":[{"name":"wp","href":"https:\/\/api.w.org\/{rel}","templated":true}]}}